{"id":138,"date":"2022-09-13T08:23:06","date_gmt":"2022-09-13T08:23:06","guid":{"rendered":"https:\/\/dekonfliktory.pl\/?post_type=product&#038;p=138"},"modified":"2022-09-13T08:51:11","modified_gmt":"2022-09-13T08:51:11","slug":"101-to-co-najwazniejsze","status":"publish","type":"product","link":"https:\/\/dekonfliktory.pl\/index.php\/produkt\/101-to-co-najwazniejsze\/","title":{"rendered":"#101 TO, CO NAJWA\u017bNIEJSZE"},"content":{"rendered":"<p>W wychowywaniu dzieci nie ma tu i teraz. Jest cz\u0142owiek, kt\u00f3rego tworzymy w przysz\u0142o\u015bci. Ka\u017cde dzia\u0142anie, kt\u00f3re podejmujesz to pakowanie do plecaka Twojego dziecka zasob\u00f3w, z kt\u00f3rych b\u0119dzie m\u00f3g\u0142 skorzysta\u0107 w przysz\u0142o\u015bci.<\/p>\n","protected":false},"excerpt":{"rendered":"<p>W wychowywaniu dzieci nie ma tu i teraz. Jest cz\u0142owiek, kt\u00f3rego tworzymy w przysz\u0142o\u015bci. Ka\u017cde dzia\u0142anie, kt\u00f3re podejmujesz to pakowanie do plecaka Twojego dziecka zasob\u00f3w, z kt\u00f3rych b\u0119dzie m\u00f3g\u0142 skorzysta\u0107 w przysz\u0142o\u015bci.<\/p>\n","protected":false},"featured_media":139,"comment_status":"open","ping_status":"closed","template":"","meta":{"neve_meta_sidebar":"","neve_meta_container":"","neve_meta_enable_content_width":"off","neve_meta_content_width":100,"neve_meta_title_alignment":"","neve_meta_author_avatar":"","neve_post_elements_order":"","neve_meta_disable_header":"","neve_meta_disable_footer":"","neve_meta_disable_title":""},"product_cat":[19],"product_tag":[],"_links":{"self":[{"href":"https:\/\/dekonfliktory.pl\/index.php\/wp-json\/wp\/v2\/product\/138"}],"collection":[{"href":"https:\/\/dekonfliktory.pl\/index.php\/wp-json\/wp\/v2\/product"}],"about":[{"href":"https:\/\/dekonfliktory.pl\/index.php\/wp-json\/wp\/v2\/types\/product"}],"replies":[{"embeddable":true,"href":"https:\/\/dekonfliktory.pl\/index.php\/wp-json\/wp\/v2\/comments?post=138"}],"wp:featuredmedia":[{"embeddable":true,"href":"https:\/\/dekonfliktory.pl\/index.php\/wp-json\/wp\/v2\/media\/139"}],"wp:attachment":[{"href":"https:\/\/dekonfliktory.pl\/index.php\/wp-json\/wp\/v2\/media?parent=138"}],"wp:term":[{"taxonomy":"product_cat","embeddable":true,"href":"https:\/\/dekonfliktory.pl\/index.php\/wp-json\/wp\/v2\/product_cat?post=138"},{"taxonomy":"product_tag","embeddable":true,"href":"https:\/\/dekonfliktory.pl\/index.php\/wp-json\/wp\/v2\/product_tag?post=138"}],"curies":[{"name":"wp","href":"https:\/\/api.w.org\/{rel}","templated":true}]}}